{"id":187,"date":"2024-10-22T18:00:15","date_gmt":"2024-10-22T18:00:15","guid":{"rendered":"https:\/\/bjmedia.yourdevsite.ca\/repairsewingmachine\/?page_id=187"},"modified":"2024-10-22T18:00:16","modified_gmt":"2024-10-22T18:00:16","slug":"conditions-dutilisation","status":"publish","type":"page","link":"https:\/\/repairsewingmachine.ca\/fr\/conditions-dutilisation\/","title":{"rendered":"Conditions d&rsquo;utilisation"},"content":{"rendered":"\n<h1 class=\"wp-block-heading\">CONDITIONS D&rsquo;UTILISATION<\/h1>\n\n\n\n<h2 class=\"wp-block-heading\">CONFIDENTIALIT\u00c9<\/h2>\n\n\n\n<p>Les renseignements personnels sont ceux qui portent sur une personne physique et permettent de l&rsquo;identifier. Machine \u00e0 coudre West Island s&rsquo;impose des mesures strictes de s\u00e9curit\u00e9 et de protection de la vie priv\u00e9e et des renseignements personnels. Soyez assur\u00e9 qu&rsquo;aucun renseignement de ce type ne sera recueilli sans votre consentement.<\/p>\n\n\n\n<h3 class=\"wp-block-heading\">QUI EXPLOITE &lsquo;Machine \u00e0 coudre West Island&rsquo;?<\/h3>\n\n\n\n<p>Le site est exploit\u00e9 par l&rsquo;entreprise &lsquo;Machine \u00e0 coudre West Island&rsquo;.<\/p>\n\n\n\n<h3 class=\"wp-block-heading\">CADRE JURIDIQUE<\/h3>\n\n\n\n<p>Le site est publi\u00e9 \u00e0 partir du Qu\u00e9bec, au Canada. Les lois qu\u00e9b\u00e9coises et canadiennes prot\u00e8gent les renseignements personnels de l&rsquo;utilisateur. Vous pouvez vous enqu\u00e9rir de vos droits en consultant le site de la Commission d&rsquo;acc\u00e8s \u00e0 l&rsquo;information du Qu\u00e9bec et du Commissariat \u00e0 la protection de la vie priv\u00e9e du Canada.<\/p>\n\n\n\n<h3 class=\"wp-block-heading\">RENSEIGNEMENTS PERSONNELS<\/h3>\n\n\n\n<p>Machine \u00e0 coudre West Island ne recueille pas de renseignements personnels dans son site Web, sauf ceux fournis de plein gr\u00e9 par son utilisateur. Dans certaines circonstances, par exemple lors de l&rsquo;inscription \u00e0 un bulletin de nouvelles ou \u00e0 un concours publicitaire en ligne, Machine \u00e0 coudre West Island requiert que vous remplissiez un formulaire avec votre nom, adresse, adresse de courriel et certaines autres informations personnelles.<\/p>\n\n\n\n<p>En tout temps, vous \u00eates explicitement et pr\u00e9alablement averti que ces informations feront l&rsquo;objet d&rsquo;un traitement : envoi de documentation imprim\u00e9e ou \u00e9lectronique, r\u00e9ponse \u00e0 des demandes d&rsquo;information ou abonnement \u00e0 des bulletins \u00e9lectroniques. Machine \u00e0 coudre West Island vous demandera parfois, via des formulaires, si vous \u00eates int\u00e9ress\u00e9 \u00e0 recevoir des renseignements au sujet d&rsquo;autres services, concours ou des nouvelles \u00e0 propos de l&rsquo;industrie touristique r\u00e9gional. Vous aurez toujours le choix de d\u00e9cliner cette demande ou de cesser un abonnement \u00e0 un service personnalis\u00e9 que vous auriez pr\u00e9alablement choisi.<\/p>\n\n\n\n<p>\u00c0 moins d&rsquo;un avis contraire, aucun renseignement personnel n&rsquo;est vendu, lou\u00e9, \u00e9chang\u00e9 ni transmis \u00e0 quiconque. Tous les renseignements personnels d\u00e9tenus ou recueillis sont prot\u00e9g\u00e9s en vertu de la Loi sur la protection des renseignements personnels et les documents \u00e9lectroniques.<\/p>\n\n\n\n<h3 class=\"wp-block-heading\">BULLETINS \u00c9LECTRONIQUES<\/h3>\n\n\n\n<p>Machine \u00e0 coudre West Island ne fait pas de multipostages abusifs. Vous pouvez vous abonner pour recevoir gratuitement de l&rsquo;information sur diff\u00e9rents produits. En tout temps, vous aurez la libert\u00e9 d&rsquo;annuler vous-m\u00eame votre inscription, sans avoir \u00e0 donner d&rsquo;explication. Vous pourrez \u00e9galement v\u00e9rifier les renseignements que Machine \u00e0 coudre West Island poss\u00e8de sur vous.<\/p>\n\n\n\n<h3 class=\"wp-block-heading\">UTILISATION DES T\u00c9MOINS \u00ab COOKIES \u00bb<\/h3>\n\n\n\n<p>Les t\u00e9moins ou cookies sont de petits fichiers de texte adress\u00e9s \u00e0 votre logiciel de navigation lorsque vous visitez un site Web. Ils se stockent de fa\u00e7on temporaire ou permanente sur votre disque dur pour garder des traces de votre visite. Ainsi, les cookies peuvent accro\u00eetre l&rsquo;utilit\u00e9 du Web en sauvegardant des informations concernant vos pr\u00e9f\u00e9rences pour un site particulier et rendre votre prochaine visite plus efficace.<\/p>\n\n\n\n<p>L&rsquo;utilisation des cookies est de pratique courante et est maintenant un standard dans le monde informatique. La plupart des sites majeurs les utilisent pour mieux servir leurs clients. La plupart des fureteurs (browsers) sont con\u00e7us pour les accepter. Vous pouvez toujours modifier vos param\u00e8tres afin de refuser les cookies si vous le d\u00e9sirez. Dans ce cas toutefois, vous pourriez ne pas b\u00e9n\u00e9ficier de tous les \u00e9l\u00e9ments d&rsquo;un site Web.<\/p>\n\n\n\n<h3 class=\"wp-block-heading\">L&rsquo;UTILISATION DES \u00ab COOKIES \u00bb PAR Machine \u00e0 coudre West Island<\/h3>\n\n\n\n<p>Le site utilise des t\u00e9moins inoffensifs dans le but d&rsquo;\u00e9tablir le trafic, par ailleurs anonyme, sur son site. Ces derniers enregistrent des renseignements statistiques tels que les adresses IP des visiteurs, le type de syst\u00e8me d&rsquo;exploitation, le temps et la dur\u00e9e de la visite et les pages Web consult\u00e9es.<\/p>\n\n\n\n<p>Il s&rsquo;agit l\u00e0 de donn\u00e9es qui ne peuvent pas vous identifier, mais qui sont utiles aux services marketing et Web de Machine \u00e0 coudre West Island. Ces donn\u00e9es sont par la suite utilis\u00e9es pour am\u00e9liorer son site Web tout en s&rsquo;assurant que celui-ci offre une exp\u00e9rience optimale aux visiteurs.<\/p>\n\n\n\n<p>Plus sp\u00e9cifiquement:<\/p>\n\n\n\n<ul class=\"wp-block-list\">\n<li>Les fournisseurs tiers, y compris Google, diffusent nos annonces sur des sites Web<\/li>\n\n\n\n<li>Les fournisseurs tiers, y compris Google, utilisent des cookies pour diffuser nos annonces en fonction des visites ant\u00e9rieures des internautes sur notre site Web.<\/li>\n<\/ul>\n\n\n\n<p>Les internautes peuvent d\u00e9sactiver l&rsquo;utilisation des cookies par Google via la page \u00ab\u00a0Publicit\u00e9 et confidentialit\u00e9\u00a0\u00bb . Si vous souhaitez d\u00e9sactiver l&rsquo;utilisation des cookies par un fournisseur tiers, veillez visiter la page de d\u00e9sactivation de Network Advertising Initiative<\/p>\n\n\n\n<h3 class=\"wp-block-heading\">MARQUES DE COMMERCE ET DROITS D&rsquo;AUTEUR<\/h3>\n\n\n\n<p>Tout le contenu du site (textes, graphiques, images, logos, interfaces, code, contenu textuel et sa disposition) est la propri\u00e9t\u00e9 de Machine \u00e0 coudre West Island et\/ou de ses membres et partenaires. Ce dernier est prot\u00e9g\u00e9 par droits d&rsquo;auteur. Il est strictement interdit de le reproduire, le publier, le rediffuser, le transmettre ou l&rsquo;utiliser d&rsquo;une quelconque mani\u00e8re sans un consentement pr\u00e9alable \u00e9crit.<\/p>\n\n\n\n<p>Toutes les marques de commerce, enregistr\u00e9es ou non, tous les noms commerciaux et raisons sociales appartiennent \u00e0 Machine \u00e0 coudre West Island ou au titulaire respectif qui a accord\u00e9 le droit exclusif et l&rsquo;autorisation de les utiliser.<\/p>\n\n\n\n<p>Pour toute information ou autorisation concernant les droits d&rsquo;auteur, communiquez avec kamel-amg@hotmail.com<\/p>\n\n\n\n<h3 class=\"wp-block-heading\">PHOTOS ET VID\u00c9OS<\/h3>\n\n\n\n<p>Les photos illustrant ce site ne peuvent pas \u00eatre reproduites ou utilis\u00e9es. Les vid\u00e9os ne peuvent \u00eatre utilis\u00e9es \u00e0 d&rsquo;autres fins que la visualisation, ni reproduites en tout ou en partie sans une autorisation \u00e9crite de Machine \u00e0 coudre West Island<\/p>\n\n\n\n<h3 class=\"wp-block-heading\">V\u00c9RIFICATION, COMMENTAIRES OU PLAINTE<\/h3>\n\n\n\n<p>L&rsquo;utilisateur peut demander de conna\u00eetre, rectifier ou annuler les renseignements personnels d\u00e9tenus sur lui. Si vous avez des pr\u00e9occupations ou des questions concernant le respect de votre vie priv\u00e9e ou la protection de vos renseignements personnels, veuillez communiquer avec Machine \u00e0 coudre West Island aux coordonn\u00e9es suivantes :<\/p>\n\n\n\n<p>Machine \u00e0 coudre West Island<br>4408 Rue Champagne, Pierrefonds, QC H9H 2Y9<br>Tel : 438-937-0166<br>Email: kamel-amg@hotmail.com<\/p>\n\n\n\n<p>En utilisant ce site Web, l&rsquo;utilisateur reconna\u00eet avoir lu, compris et accept\u00e9 les conditions et les limites de responsabilit\u00e9 d\u00e9crites dans les rubriques ci-dessus.<\/p>\n","protected":false},"excerpt":{"rendered":"<p>CONDITIONS D&rsquo;UTILISATION CONFIDENTIALIT\u00c9 Les renseignements personnels sont ceux qui portent sur une personne physique et permettent de l&rsquo;identifier. Machine \u00e0 coudre West Island s&rsquo;impose des mesures strictes de s\u00e9curit\u00e9 et de protection de la vie priv\u00e9e et des renseignements personnels. Soyez assur\u00e9 qu&rsquo;aucun renseignement de ce type ne sera recueilli sans votre consentement. QUI EXPLOITE [&hellip;]<\/p>\n","protected":false},"author":2,"featured_media":0,"parent":0,"menu_order":0,"comment_status":"closed","ping_status":"closed","template":"","meta":{"_acf_changed":false,"footnotes":""},"class_list":["post-187","page","type-page","status-publish","hentry"],"acf":[],"yoast_head":"<!-- This site is optimized with the Yoast SEO plugin v27.3 - https:\/\/yoast.com\/product\/yoast-seo-wordpress\/ -->\n<title>Conditions d&#039;utilisation - Machine &agrave; coudre West Island<\/title>\n<meta name=\"robots\" content=\"index, follow, max-snippet:-1, max-image-preview:large, max-video-preview:-1\" \/>\n<link rel=\"canonical\" href=\"https:\/\/repairsewingmachine.ca\/fr\/conditions-dutilisation\/\" \/>\n<meta property=\"og:locale\" content=\"fr_CA\" \/>\n<meta property=\"og:type\" content=\"article\" \/>\n<meta property=\"og:title\" content=\"Conditions d&#039;utilisation - Machine &agrave; coudre West Island\" \/>\n<meta property=\"og:description\" content=\"CONDITIONS D&rsquo;UTILISATION CONFIDENTIALIT\u00c9 Les renseignements personnels sont ceux qui portent sur une personne physique et permettent de l&rsquo;identifier. Machine \u00e0 coudre West Island s&rsquo;impose des mesures strictes de s\u00e9curit\u00e9 et de protection de la vie priv\u00e9e et des renseignements personnels. Soyez assur\u00e9 qu&rsquo;aucun renseignement de ce type ne sera recueilli sans votre consentement. QUI EXPLOITE [&hellip;]\" \/>\n<meta property=\"og:url\" content=\"https:\/\/repairsewingmachine.ca\/fr\/conditions-dutilisation\/\" \/>\n<meta property=\"og:site_name\" content=\"Machine &agrave; coudre West Island\" \/>\n<meta property=\"article:modified_time\" content=\"2024-10-22T18:00:16+00:00\" \/>\n<meta name=\"twitter:card\" content=\"summary_large_image\" \/>\n<meta name=\"twitter:label1\" content=\"Estimation du temps de lecture\" \/>\n\t<meta name=\"twitter:data1\" content=\"5 minutes\" \/>\n<script type=\"application\/ld+json\" class=\"yoast-schema-graph\">{\"@context\":\"https:\\\/\\\/schema.org\",\"@graph\":[{\"@type\":\"WebPage\",\"@id\":\"https:\\\/\\\/repairsewingmachine.ca\\\/fr\\\/conditions-dutilisation\\\/\",\"url\":\"https:\\\/\\\/repairsewingmachine.ca\\\/fr\\\/conditions-dutilisation\\\/\",\"name\":\"Conditions d'utilisation - Machine &agrave; coudre West Island\",\"isPartOf\":{\"@id\":\"https:\\\/\\\/repairsewingmachine.ca\\\/fr\\\/#website\"},\"datePublished\":\"2024-10-22T18:00:15+00:00\",\"dateModified\":\"2024-10-22T18:00:16+00:00\",\"breadcrumb\":{\"@id\":\"https:\\\/\\\/repairsewingmachine.ca\\\/fr\\\/conditions-dutilisation\\\/#breadcrumb\"},\"inLanguage\":\"fr-CA\",\"potentialAction\":[{\"@type\":\"ReadAction\",\"target\":[\"https:\\\/\\\/repairsewingmachine.ca\\\/fr\\\/conditions-dutilisation\\\/\"]}]},{\"@type\":\"BreadcrumbList\",\"@id\":\"https:\\\/\\\/repairsewingmachine.ca\\\/fr\\\/conditions-dutilisation\\\/#breadcrumb\",\"itemListElement\":[{\"@type\":\"ListItem\",\"position\":1,\"name\":\"Accueil\",\"item\":\"https:\\\/\\\/repairsewingmachine.ca\\\/fr\\\/\"},{\"@type\":\"ListItem\",\"position\":2,\"name\":\"Conditions d&#8217;utilisation\"}]},{\"@type\":\"WebSite\",\"@id\":\"https:\\\/\\\/repairsewingmachine.ca\\\/fr\\\/#website\",\"url\":\"https:\\\/\\\/repairsewingmachine.ca\\\/fr\\\/\",\"name\":\"Machine &agrave; coudre West Island\",\"description\":\"\",\"potentialAction\":[{\"@type\":\"SearchAction\",\"target\":{\"@type\":\"EntryPoint\",\"urlTemplate\":\"https:\\\/\\\/repairsewingmachine.ca\\\/fr\\\/?s={search_term_string}\"},\"query-input\":{\"@type\":\"PropertyValueSpecification\",\"valueRequired\":true,\"valueName\":\"search_term_string\"}}],\"inLanguage\":\"fr-CA\"}]}<\/script>\n<!-- \/ Yoast SEO plugin. -->","yoast_head_json":{"title":"Conditions d'utilisation - Machine &agrave; coudre West Island","robots":{"index":"index","follow":"follow","max-snippet":"max-snippet:-1","max-image-preview":"max-image-preview:large","max-video-preview":"max-video-preview:-1"},"canonical":"https:\/\/repairsewingmachine.ca\/fr\/conditions-dutilisation\/","og_locale":"fr_CA","og_type":"article","og_title":"Conditions d'utilisation - Machine &agrave; coudre West Island","og_description":"CONDITIONS D&rsquo;UTILISATION CONFIDENTIALIT\u00c9 Les renseignements personnels sont ceux qui portent sur une personne physique et permettent de l&rsquo;identifier. Machine \u00e0 coudre West Island s&rsquo;impose des mesures strictes de s\u00e9curit\u00e9 et de protection de la vie priv\u00e9e et des renseignements personnels. Soyez assur\u00e9 qu&rsquo;aucun renseignement de ce type ne sera recueilli sans votre consentement. QUI EXPLOITE [&hellip;]","og_url":"https:\/\/repairsewingmachine.ca\/fr\/conditions-dutilisation\/","og_site_name":"Machine &agrave; coudre West Island","article_modified_time":"2024-10-22T18:00:16+00:00","twitter_card":"summary_large_image","twitter_misc":{"Estimation du temps de lecture":"5 minutes"},"schema":{"@context":"https:\/\/schema.org","@graph":[{"@type":"WebPage","@id":"https:\/\/repairsewingmachine.ca\/fr\/conditions-dutilisation\/","url":"https:\/\/repairsewingmachine.ca\/fr\/conditions-dutilisation\/","name":"Conditions d'utilisation - Machine &agrave; coudre West Island","isPartOf":{"@id":"https:\/\/repairsewingmachine.ca\/fr\/#website"},"datePublished":"2024-10-22T18:00:15+00:00","dateModified":"2024-10-22T18:00:16+00:00","breadcrumb":{"@id":"https:\/\/repairsewingmachine.ca\/fr\/conditions-dutilisation\/#breadcrumb"},"inLanguage":"fr-CA","potentialAction":[{"@type":"ReadAction","target":["https:\/\/repairsewingmachine.ca\/fr\/conditions-dutilisation\/"]}]},{"@type":"BreadcrumbList","@id":"https:\/\/repairsewingmachine.ca\/fr\/conditions-dutilisation\/#breadcrumb","itemListElement":[{"@type":"ListItem","position":1,"name":"Accueil","item":"https:\/\/repairsewingmachine.ca\/fr\/"},{"@type":"ListItem","position":2,"name":"Conditions d&#8217;utilisation"}]},{"@type":"WebSite","@id":"https:\/\/repairsewingmachine.ca\/fr\/#website","url":"https:\/\/repairsewingmachine.ca\/fr\/","name":"Machine &agrave; coudre West Island","description":"","potentialAction":[{"@type":"SearchAction","target":{"@type":"EntryPoint","urlTemplate":"https:\/\/repairsewingmachine.ca\/fr\/?s={search_term_string}"},"query-input":{"@type":"PropertyValueSpecification","valueRequired":true,"valueName":"search_term_string"}}],"inLanguage":"fr-CA"}]}},"_links":{"self":[{"href":"https:\/\/repairsewingmachine.ca\/fr\/wp-json\/wp\/v2\/pages\/187","targetHints":{"allow":["GET"]}}],"collection":[{"href":"https:\/\/repairsewingmachine.ca\/fr\/wp-json\/wp\/v2\/pages"}],"about":[{"href":"https:\/\/repairsewingmachine.ca\/fr\/wp-json\/wp\/v2\/types\/page"}],"author":[{"embeddable":true,"href":"https:\/\/repairsewingmachine.ca\/fr\/wp-json\/wp\/v2\/users\/2"}],"replies":[{"embeddable":true,"href":"https:\/\/repairsewingmachine.ca\/fr\/wp-json\/wp\/v2\/comments?post=187"}],"version-history":[{"count":2,"href":"https:\/\/repairsewingmachine.ca\/fr\/wp-json\/wp\/v2\/pages\/187\/revisions"}],"predecessor-version":[{"id":189,"href":"https:\/\/repairsewingmachine.ca\/fr\/wp-json\/wp\/v2\/pages\/187\/revisions\/189"}],"wp:attachment":[{"href":"https:\/\/repairsewingmachine.ca\/fr\/wp-json\/wp\/v2\/media?parent=187"}],"curies":[{"name":"wp","href":"https:\/\/api.w.org\/{rel}","templated":true}]}}